{"id":19576,"date":"2020-12-30T11:24:14","date_gmt":"2020-12-30T08:24:14","guid":{"rendered":"http:\/\/yachtworks.info\/?page_id=19576"},"modified":"2020-12-30T11:24:14","modified_gmt":"2020-12-30T08:24:14","slug":"beneteau-oceanis-393","status":"publish","type":"page","link":"https:\/\/yachtworks.info\/tr\/beneteau-oceanis-393\/","title":{"rendered":"Beneteau Oceanis 393"},"content":{"rendered":"<p>* Sarma tamiri<br \/>\n* Yelkenlerin s\u00f6k\u00fclmesi ve y\u0131kanmas\u0131<br \/>\n* Navigasyon \u0131\u015f\u0131klar\u0131n\u0131n de\u011fi\u015ftirilmesi<\/p>","protected":false},"excerpt":{"rendered":"<p>* Sarma tamiri * Yelkenlerin s\u00f6k\u00fclmesi ve y\u0131kanmas\u0131 * Navigasyon \u0131\u015f\u0131klar\u0131n\u0131n de\u011fi\u015ftirilmesi<\/p>\n","protected":false},"author":1,"featured_media":0,"parent":0,"menu_order":0,"comment_status":"closed","ping_status":"closed","template":"","meta":{"footnotes":""},"class_list":["post-19576","page","type-page","status-publish","hentry"],"_links":{"self":[{"href":"https:\/\/yachtworks.info\/tr\/wp-json\/wp\/v2\/pages\/19576"}],"collection":[{"href":"https:\/\/yachtworks.info\/tr\/wp-json\/wp\/v2\/pages"}],"about":[{"href":"https:\/\/yachtworks.info\/tr\/wp-json\/wp\/v2\/types\/page"}],"author":[{"embeddable":true,"href":"https:\/\/yachtworks.info\/tr\/wp-json\/wp\/v2\/users\/1"}],"replies":[{"embeddable":true,"href":"https:\/\/yachtworks.info\/tr\/wp-json\/wp\/v2\/comments?post=19576"}],"version-history":[{"count":0,"href":"https:\/\/yachtworks.info\/tr\/wp-json\/wp\/v2\/pages\/19576\/revisions"}],"wp:attachment":[{"href":"https:\/\/yachtworks.info\/tr\/wp-json\/wp\/v2\/media?parent=19576"}],"curies":[{"name":"wp","href":"https:\/\/api.w.org\/{rel}","templated":true}]}}