{"id":19578,"date":"2020-12-30T11:25:23","date_gmt":"2020-12-30T08:25:23","guid":{"rendered":"http:\/\/yachtworks.info\/?page_id=19578"},"modified":"2020-12-30T11:25:23","modified_gmt":"2020-12-30T08:25:23","slug":"halberg-rassy-37","status":"publish","type":"page","link":"https:\/\/yachtworks.info\/tr\/halberg-rassy-37\/","title":{"rendered":"Halberg Rassy 37"},"content":{"rendered":"<p>* Antifouling uygulamas\u0131<br \/>\n* G\u00f6vde \u00dcst Yap\u0131s\u0131 Paslanmaz \u00c7elik Parlatma<br \/>\n* Valf de\u011fi\u015fimi<br \/>\n* Anot de\u011fi\u015fimi<\/p>","protected":false},"excerpt":{"rendered":"<p>* Antifouling uygulamas\u0131 * G\u00f6vde \u00dcst Yap\u0131s\u0131 Paslanmaz \u00c7elik Parlatma * Valf de\u011fi\u015fimi * Anot de\u011fi\u015fimi<\/p>\n","protected":false},"author":1,"featured_media":0,"parent":0,"menu_order":0,"comment_status":"closed","ping_status":"closed","template":"","meta":{"footnotes":""},"class_list":["post-19578","page","type-page","status-publish","hentry"],"_links":{"self":[{"href":"https:\/\/yachtworks.info\/tr\/wp-json\/wp\/v2\/pages\/19578"}],"collection":[{"href":"https:\/\/yachtworks.info\/tr\/wp-json\/wp\/v2\/pages"}],"about":[{"href":"https:\/\/yachtworks.info\/tr\/wp-json\/wp\/v2\/types\/page"}],"author":[{"embeddable":true,"href":"https:\/\/yachtworks.info\/tr\/wp-json\/wp\/v2\/users\/1"}],"replies":[{"embeddable":true,"href":"https:\/\/yachtworks.info\/tr\/wp-json\/wp\/v2\/comments?post=19578"}],"version-history":[{"count":0,"href":"https:\/\/yachtworks.info\/tr\/wp-json\/wp\/v2\/pages\/19578\/revisions"}],"wp:attachment":[{"href":"https:\/\/yachtworks.info\/tr\/wp-json\/wp\/v2\/media?parent=19578"}],"curies":[{"name":"wp","href":"https:\/\/api.w.org\/{rel}","templated":true}]}}