{"id":19596,"date":"2020-12-30T11:52:35","date_gmt":"2020-12-30T08:52:35","guid":{"rendered":"http:\/\/yachtworks.info\/?page_id=19596"},"modified":"2020-12-30T11:52:35","modified_gmt":"2020-12-30T08:52:35","slug":"beneteau-361","status":"publish","type":"page","link":"https:\/\/yachtworks.info\/tr\/beneteau-361\/","title":{"rendered":"Beneteau 361"},"content":{"rendered":"<p>* Hull jelkot tamiri ve polisaj\u0131<br \/>\n* G\u00f6vde \u015feridi etiketlerinin de\u011fi\u015ftirilmesi<br \/>\n* Antifouling boya uygulamas\u0131<br \/>\n* G\u00fcverte parlatma<br \/>\n* D\u00fcmen b\u0131\u00e7a\u011f\u0131 tamiri<br \/>\n* Arma kontrol\u00fc<br \/>\n* Pullpit ve pushpit paslanmaz \u00e7elik modifikasyonu<br \/>\n* Omurga c\u0131vatalar\u0131n\u0131n torku<br \/>\n* Eberspacher \u0131s\u0131t\u0131c\u0131 kurulumu<br \/>\n* Mobilya modifikasyonu<br \/>\n* Marangoz i\u015fleri<\/p>","protected":false},"excerpt":{"rendered":"<p>* Hull jelkot tamiri ve polisaj\u0131 * G\u00f6vde \u015feridi etiketlerinin de\u011fi\u015ftirilmesi * Antifouling boya uygulamas\u0131 * G\u00fcverte parlatma * D\u00fcmen b\u0131\u00e7a\u011f\u0131 tamiri * Arma kontrol\u00fc * Pullpit ve pushpit paslanmaz \u00e7elik modifikasyonu * Omurga c\u0131vatalar\u0131n\u0131n torku * Eberspacher \u0131s\u0131t\u0131c\u0131 kurulumu&hellip;<\/p>\n","protected":false},"author":1,"featured_media":0,"parent":0,"menu_order":0,"comment_status":"closed","ping_status":"closed","template":"","meta":{"footnotes":""},"class_list":["post-19596","page","type-page","status-publish","hentry"],"_links":{"self":[{"href":"https:\/\/yachtworks.info\/tr\/wp-json\/wp\/v2\/pages\/19596"}],"collection":[{"href":"https:\/\/yachtworks.info\/tr\/wp-json\/wp\/v2\/pages"}],"about":[{"href":"https:\/\/yachtworks.info\/tr\/wp-json\/wp\/v2\/types\/page"}],"author":[{"embeddable":true,"href":"https:\/\/yachtworks.info\/tr\/wp-json\/wp\/v2\/users\/1"}],"replies":[{"embeddable":true,"href":"https:\/\/yachtworks.info\/tr\/wp-json\/wp\/v2\/comments?post=19596"}],"version-history":[{"count":0,"href":"https:\/\/yachtworks.info\/tr\/wp-json\/wp\/v2\/pages\/19596\/revisions"}],"wp:attachment":[{"href":"https:\/\/yachtworks.info\/tr\/wp-json\/wp\/v2\/media?parent=19596"}],"curies":[{"name":"wp","href":"https:\/\/api.w.org\/{rel}","templated":true}]}}