{"id":19598,"date":"2020-12-30T11:58:37","date_gmt":"2020-12-30T08:58:37","guid":{"rendered":"http:\/\/yachtworks.info\/?page_id=19598"},"modified":"2020-12-30T11:58:37","modified_gmt":"2020-12-30T08:58:37","slug":"hanse-575","status":"publish","type":"page","link":"https:\/\/yachtworks.info\/tr\/hanse-575\/","title":{"rendered":"Hanse 575"},"content":{"rendered":"<p>* Kademesiz ve kademeli direk \u00e7al\u0131\u015fmas\u0131<br \/>\n* Arma kontrol\u00fc<br \/>\n* Omurga \u00e7\u0131karma, g\u00f6vde \u00fczerinde GRP onar\u0131m, omurga yeniden takma<br \/>\n* D\u00fcmen b\u0131\u00e7a\u011f\u0131 GRP tamiri<br \/>\n* Hull jelkot tamiri<br \/>\n* \u0130\u00e7 vernik i\u015fleri<br \/>\n* G\u00fcverte parlatma<\/p>","protected":false},"excerpt":{"rendered":"<p>* Kademesiz ve kademeli direk \u00e7al\u0131\u015fmas\u0131 * Arma kontrol\u00fc * Omurga \u00e7\u0131karma, g\u00f6vde \u00fczerinde GRP onar\u0131m, omurga yeniden takma * D\u00fcmen b\u0131\u00e7a\u011f\u0131 GRP tamiri * Hull jelkot tamiri * \u0130\u00e7 vernik i\u015fleri * G\u00fcverte parlatma<\/p>\n","protected":false},"author":1,"featured_media":0,"parent":0,"menu_order":0,"comment_status":"closed","ping_status":"closed","template":"","meta":{"footnotes":""},"class_list":["post-19598","page","type-page","status-publish","hentry"],"_links":{"self":[{"href":"https:\/\/yachtworks.info\/tr\/wp-json\/wp\/v2\/pages\/19598"}],"collection":[{"href":"https:\/\/yachtworks.info\/tr\/wp-json\/wp\/v2\/pages"}],"about":[{"href":"https:\/\/yachtworks.info\/tr\/wp-json\/wp\/v2\/types\/page"}],"author":[{"embeddable":true,"href":"https:\/\/yachtworks.info\/tr\/wp-json\/wp\/v2\/users\/1"}],"replies":[{"embeddable":true,"href":"https:\/\/yachtworks.info\/tr\/wp-json\/wp\/v2\/comments?post=19598"}],"version-history":[{"count":0,"href":"https:\/\/yachtworks.info\/tr\/wp-json\/wp\/v2\/pages\/19598\/revisions"}],"wp:attachment":[{"href":"https:\/\/yachtworks.info\/tr\/wp-json\/wp\/v2\/media?parent=19598"}],"curies":[{"name":"wp","href":"https:\/\/api.w.org\/{rel}","templated":true}]}}