{"id":19665,"date":"2021-01-28T14:58:48","date_gmt":"2021-01-28T11:58:48","guid":{"rendered":"http:\/\/yachtworks.info\/?page_id=19665"},"modified":"2021-01-28T14:58:48","modified_gmt":"2021-01-28T11:58:48","slug":"17-m-wooden-motor-yacht","status":"publish","type":"page","link":"https:\/\/yachtworks.info\/tr\/17-m-wooden-motor-yacht\/","title":{"rendered":"17 M Wooden Motor Yacht"},"content":{"rendered":"<p>* Tekne Boyas\u0131 Uygulamas\u0131<br \/>\n* G\u00fcverte \/ \u00dcstyap\u0131 boya uygulamas\u0131<br \/>\n* G\u00f6vde \u015ferit boya uygulamas\u0131<br \/>\n* Antifouling uygulamas\u0131<br \/>\n* Flybridge pleksi sprey kapa\u011f\u0131 de\u011fi\u015fimi<br \/>\n* Servis botu de\u011fi\u015fimi<\/p>","protected":false},"excerpt":{"rendered":"<p>* Tekne Boyas\u0131 Uygulamas\u0131 * G\u00fcverte \/ \u00dcstyap\u0131 boya uygulamas\u0131 * G\u00f6vde \u015ferit boya uygulamas\u0131 * Antifouling uygulamas\u0131 * Flybridge pleksi sprey kapa\u011f\u0131 de\u011fi\u015fimi * Servis botu de\u011fi\u015fimi<\/p>\n","protected":false},"author":1,"featured_media":0,"parent":0,"menu_order":0,"comment_status":"closed","ping_status":"closed","template":"","meta":{"footnotes":""},"class_list":["post-19665","page","type-page","status-publish","hentry"],"_links":{"self":[{"href":"https:\/\/yachtworks.info\/tr\/wp-json\/wp\/v2\/pages\/19665"}],"collection":[{"href":"https:\/\/yachtworks.info\/tr\/wp-json\/wp\/v2\/pages"}],"about":[{"href":"https:\/\/yachtworks.info\/tr\/wp-json\/wp\/v2\/types\/page"}],"author":[{"embeddable":true,"href":"https:\/\/yachtworks.info\/tr\/wp-json\/wp\/v2\/users\/1"}],"replies":[{"embeddable":true,"href":"https:\/\/yachtworks.info\/tr\/wp-json\/wp\/v2\/comments?post=19665"}],"version-history":[{"count":0,"href":"https:\/\/yachtworks.info\/tr\/wp-json\/wp\/v2\/pages\/19665\/revisions"}],"wp:attachment":[{"href":"https:\/\/yachtworks.info\/tr\/wp-json\/wp\/v2\/media?parent=19665"}],"curies":[{"name":"wp","href":"https:\/\/api.w.org\/{rel}","templated":true}]}}