{"id":19667,"date":"2021-01-28T15:01:03","date_gmt":"2021-01-28T12:01:03","guid":{"rendered":"http:\/\/yachtworks.info\/?page_id=19667"},"modified":"2021-01-28T15:01:03","modified_gmt":"2021-01-28T12:01:03","slug":"12-m-wooden-sailing-yacht","status":"publish","type":"page","link":"https:\/\/yachtworks.info\/tr\/12-m-wooden-sailing-yacht\/","title":{"rendered":"12 M Wooden Sailing Yacht"},"content":{"rendered":"<p>* Tekne Boyas\u0131 Uygulamas\u0131<br \/>\n* G\u00fcverte \/ \u00dcstyap\u0131 boya uygulamas\u0131<br \/>\n* G\u00f6vde \u015ferit boya uygulamas\u0131<br \/>\n* Teak Deck de\u011fi\u015fimi<br \/>\n* \u00dcst yap\u0131 ve kapak ray\u0131 verni\u011fi uygulamas\u0131<br \/>\n* T\u00fcm g\u00f6vde ve su alt\u0131 alanlar\u0131 kaz\u0131ma ve kavurma<br \/>\n* T\u00fcm tekne ve su alt\u0131 alanlar\u0131nda fiber uygulama ve dolgu i\u015fleri<br \/>\n* Basma ve basma dire\u011fi uygulamas\u0131<\/p>","protected":false},"excerpt":{"rendered":"<p>* Tekne Boyas\u0131 Uygulamas\u0131 * G\u00fcverte \/ \u00dcstyap\u0131 boya uygulamas\u0131 * G\u00f6vde \u015ferit boya uygulamas\u0131 * Teak Deck de\u011fi\u015fimi * \u00dcst yap\u0131 ve kapak ray\u0131 verni\u011fi uygulamas\u0131 * T\u00fcm g\u00f6vde ve su alt\u0131 alanlar\u0131 kaz\u0131ma ve kavurma * T\u00fcm tekne&hellip;<\/p>\n","protected":false},"author":1,"featured_media":0,"parent":0,"menu_order":0,"comment_status":"closed","ping_status":"closed","template":"","meta":{"footnotes":""},"class_list":["post-19667","page","type-page","status-publish","hentry"],"_links":{"self":[{"href":"https:\/\/yachtworks.info\/tr\/wp-json\/wp\/v2\/pages\/19667"}],"collection":[{"href":"https:\/\/yachtworks.info\/tr\/wp-json\/wp\/v2\/pages"}],"about":[{"href":"https:\/\/yachtworks.info\/tr\/wp-json\/wp\/v2\/types\/page"}],"author":[{"embeddable":true,"href":"https:\/\/yachtworks.info\/tr\/wp-json\/wp\/v2\/users\/1"}],"replies":[{"embeddable":true,"href":"https:\/\/yachtworks.info\/tr\/wp-json\/wp\/v2\/comments?post=19667"}],"version-history":[{"count":0,"href":"https:\/\/yachtworks.info\/tr\/wp-json\/wp\/v2\/pages\/19667\/revisions"}],"wp:attachment":[{"href":"https:\/\/yachtworks.info\/tr\/wp-json\/wp\/v2\/media?parent=19667"}],"curies":[{"name":"wp","href":"https:\/\/api.w.org\/{rel}","templated":true}]}}