{"id":5777,"date":"2013-07-03T11:24:04","date_gmt":"2013-07-03T08:24:04","guid":{"rendered":"http:\/\/iyonize.com\/?page_id=5777"},"modified":"2013-07-03T11:24:04","modified_gmt":"2013-07-03T08:24:04","slug":"gulet","status":"publish","type":"page","link":"https:\/\/yachtworks.info\/tr\/gulet\/","title":{"rendered":"The Gulet"},"content":{"rendered":"<p>Yap\u0131m a\u015famas\u0131nda.<\/p>","protected":false},"excerpt":{"rendered":"<p>Yap\u0131m a\u015famas\u0131nda.<\/p>\n","protected":false},"author":1,"featured_media":0,"parent":0,"menu_order":0,"comment_status":"open","ping_status":"open","template":"template-blank-canvas.php","meta":{"footnotes":""},"class_list":["post-5777","page","type-page","status-publish","hentry"],"_links":{"self":[{"href":"https:\/\/yachtworks.info\/tr\/wp-json\/wp\/v2\/pages\/5777"}],"collection":[{"href":"https:\/\/yachtworks.info\/tr\/wp-json\/wp\/v2\/pages"}],"about":[{"href":"https:\/\/yachtworks.info\/tr\/wp-json\/wp\/v2\/types\/page"}],"author":[{"embeddable":true,"href":"https:\/\/yachtworks.info\/tr\/wp-json\/wp\/v2\/users\/1"}],"replies":[{"embeddable":true,"href":"https:\/\/yachtworks.info\/tr\/wp-json\/wp\/v2\/comments?post=5777"}],"version-history":[{"count":0,"href":"https:\/\/yachtworks.info\/tr\/wp-json\/wp\/v2\/pages\/5777\/revisions"}],"wp:attachment":[{"href":"https:\/\/yachtworks.info\/tr\/wp-json\/wp\/v2\/media?parent=5777"}],"curies":[{"name":"wp","href":"https:\/\/api.w.org\/{rel}","templated":true}]}}