{"id":7155,"date":"2013-12-03T17:28:38","date_gmt":"2013-12-03T15:28:38","guid":{"rendered":"http:\/\/yachtworks.info\/?page_id=7155"},"modified":"2013-12-03T17:28:38","modified_gmt":"2013-12-03T15:28:38","slug":"12-dinghy-the-twins","status":"publish","type":"page","link":"https:\/\/yachtworks.info\/tr\/12-dinghy-the-twins\/","title":{"rendered":"12&#8242; Dinghy the twins"},"content":{"rendered":"<p><a href=\"http:\/\/yachtworks.info\/wp-content\/uploads\/2013\/12\/lil_101.jpg\"><img loading=\"lazy\" decoding=\"async\" class=\"aligncenter size-full wp-image-7156\" alt=\"lil_101\" src=\"http:\/\/yachtworks.info\/wp-content\/uploads\/2013\/12\/lil_101.jpg\" width=\"563\" height=\"372\" \/><\/a><\/p>\n<p>ukar\u0131 resimde bayan Liliana De Negri &#8220;Scignoria&#8221;ile g\u00f6r\u00fcl\u00fcyor. Resim, 60&#8217;l\u0131 y\u0131llar\u0131n ikinci yar\u0131s\u0131nda \u00e7ekilmi\u015f olabilir. A\u015fa\u011f\u0131daki resimde ise yachtWORKS sahiplerinden bay Can S\u00fcrekli g\u00f6r\u00fcl\u00fcyor.1 Numaral\u0131 dinginin deneme seyri Bodrum Liman\u0131nda yap\u0131l\u0131rken.<\/p>\n<p>Bayan De Negri&#8217;nin resmini Paolo Rastrelli&#8217;nin &#8220;La leggenda del Dinghy 12 piedi&#8221; adl\u0131 kitab\u0131ndan ald\u0131k. Bu kitap &#8220;Associazione Italiana Classe Dinghy 12&#8242; &#8221; taraf\u0131ndan yay\u0131nlanm\u0131\u015f ve tarihi belli de\u011fil.<\/p>\n<p><a href=\"http:\/\/yachtworks.info\/wp-content\/uploads\/2013\/12\/lil_102.jpg\"><img loading=\"lazy\" decoding=\"async\" class=\"aligncenter size-full wp-image-7157\" alt=\"lil_102\" src=\"http:\/\/yachtworks.info\/wp-content\/uploads\/2013\/12\/lil_102.jpg\" width=\"563\" height=\"372\" \/><\/a><\/p>\n<p>&nbsp;<\/p>\n<table width=\"100%\" border=\"0\">\n<tbody>\n<tr>\n<td>\n<div align=\"center\">\n<h1><strong>12 Kadem Dingi Hakk\u0131nda S\u0131k Sorulan Sorular<\/strong><\/h1>\n<\/div>\n<\/td>\n<\/tr>\n<tr>\n<td>\n<table width=\"79%\" cellspacing=\"0\" cellpadding=\"0\" align=\"center\">\n<tbody>\n<tr>\n<td bgcolor=\"#FFFFFF\">\n<h2><em><strong><br \/>\n12&#8242; Dingi esasen nedir?<\/strong><\/em><\/h2>\n<\/td>\n<\/tr>\n<tr>\n<td valign=\"top\" bgcolor=\"#FFFFFF\">\n<div align=\"justify\">12&#8242; Dingi 1913 y\u0131l\u0131nda George Cockshott isimli amat\u00f6r bir \u0130ngiliz tekne tasar\u0131mc\u0131s\u0131 taraf\u0131ndan tasarland\u0131. Hedef, \u00e7ok da k\u00fc\u00e7\u00fck olmayan bir servis botu \u00e7izmekti. Bordalar\u0131n\u0131 biraz y\u00fckseltmek suretiyle ve di\u011fer baz\u0131 \u00f6zelliklerle denizci bir tekne olu\u015ftu. 12&#8242; Dingi 1920 y\u0131l\u0131nda uluslararas\u0131 bir s\u0131n\u0131f olarak onayland\u0131. 1928&#8217;de Olimpik s\u0131n\u0131f oldu.<\/div>\n<p align=\"justify\">\u015eu s\u0131rada d\u00fcnyada 1000 adetten fazla yar\u0131\u015fan 12&#8242; Dingi mevcut. \u00c7o\u011funlu\u011fu \u0130talya&#8217;da bulunan tekne, \u0130talya&#8217;da Deniz Harp Okulu&#8217;nda e\u011fitim teknesi olarak kullan\u0131lmakta. Hollanda ve Japonya&#8217;da da s\u0131n\u0131f birlikleri mevcut.<\/p>\n<p align=\"justify\">T\u00fcrkiye&#8217;de bir 12&#8242; Dingi gelene\u011fi mevcut. Ba\u015fta rahmetli Harun \u00dclman olmak \u00fczere en muteber gemi in\u015faiyeceleri 1950&#8217;ler ve 60&#8217;larda 12&#8242; Dingi in\u015fa etmi\u015flerdir.<\/p>\n<p align=\"justify\">\u0130talya&#8217;da aktif bir\u00a0<a href=\"http:\/\/www.dinghy.it\/\" target=\"_blank\" rel=\"noopener noreferrer\">12&#8242; Dingi S\u0131n\u0131f Birli\u011fi<\/a>\u00a0mevcuttur.<\/p>\n<\/td>\n<\/tr>\n<tr>\n<td bgcolor=\"#FFFFFF\">\n<h2><em><strong>Bug\u00fcne kadar ka\u00e7 adet imal ettiniz?<\/strong><\/em><\/h2>\n<\/td>\n<\/tr>\n<tr>\n<td bgcolor=\"#FFFFFF\">\n<div align=\"justify\">\u0130lk partide d\u00f6rt adet imal ettik. Prototip May\u0131s 2001&#8217;de tamamlanm\u0131\u015ft\u0131. \u015eimdilik son imalat\u0131m\u0131z\u0131 Kas\u0131m 2001&#8217;de tamamlad\u0131k.<\/p>\n<\/div>\n<\/td>\n<\/tr>\n<tr>\n<td bgcolor=\"#FFFFFF\">\n<h2><em><strong>12&#8242; Dingi&#8217;nin potansiyel m\u00fc\u015fteri profili ne t\u00fcrdedir?<\/strong><\/em><\/h2>\n<\/td>\n<\/tr>\n<tr>\n<td bgcolor=\"#FFFFFF\">\n<div align=\"justify\">12&#8242; Dingi \u00e7ocuklara ve bu tekneyi ba\u015far\u0131l\u0131 bir yar\u0131\u015f teknesi ve zarif bir bot olarak hat\u0131rlayanlara \u00e7ekici gelmektedir. Potansiyel tekne sahibi, \u00fcst\u00fcn i\u015f\u00e7ilikle, sevgiyle, planlara sad\u0131k kalarak imal edilmi\u015f bir &#8220;orijinal&#8221;e sahip olmay\u0131 arzulayan bir yap\u0131dad\u0131r. Potansiyel tekne sahibi maunun alevinden, me\u015fenin sa\u011flaml\u0131\u011f\u0131ndan ve geleneksel el eme\u011fi takriben 1600 adet bak\u0131r per\u00e7inlerden keyif duyar. Potansiyel tekne sahibi ya\u015fayan bir klasik efsaneyi takdir eder.<\/p>\n<\/div>\n<\/td>\n<\/tr>\n<tr>\n<td bgcolor=\"#FFFFFF\">\n<h2><em><strong>Ni\u00e7in yachtWORKS Bodrum?<\/strong><\/em><\/h2>\n<\/td>\n<\/tr>\n<tr>\n<td bgcolor=\"#FFFFFF\">\n<div align=\"justify\">Biz, a\u00e7\u0131kdeniz yatlar\u0131n\u0131n bak\u0131m, tadilat ve onar\u0131m\u0131 konusunda geni\u015f deneyim sahibi k\u00fc\u00e7\u00fck bir profesyoneller grubuyuz. Gayemiz, basiretli i\u015fletmecili\u011fi kaliteli el eme\u011fi, iyi malzemeler ve \u00fcst\u00fcn denizcilik ile birle\u015ftirmektir.<\/div>\n<p align=\"justify\">Bodrum, y\u00fczy\u0131llard\u0131r bir ah\u015fap tekne yap\u0131m merkezidir. Bir dizi giri\u015fimci, \u00e7evremize mahsus iyi ah\u015fap i\u015f\u00e7ili\u011finin ve yerel Guletlerin zarif hatlar\u0131na kap\u0131l\u0131p yerel kaynaklardan faydalanmaya \u00e7al\u0131\u015fm\u0131\u015flard\u0131r. Grubumuzun, y\u00fcksek m\u00fc\u015fteri beklentileri ile yerel olarak mevcut kaynaklar\u0131 ba\u011fda\u015ft\u0131rma konusunda geni\u015f deneyimi mevcuttur. G\u00fcc\u00fcm\u00fcz\u00fc, s\u00f6zle\u015fmelere sad\u0131k, vaktinde ve tekrarlanabilir kalitede \u00fcretimde bulunmaktan almaktay\u0131z.<\/p>\n<\/td>\n<\/tr>\n<\/tbody>\n<\/table>\n<\/td>\n<\/tr>\n<\/tbody>\n<\/table>\n<p><\/p>","protected":false},"excerpt":{"rendered":"<p>ukar\u0131 resimde bayan Liliana De Negri &#8220;Scignoria&#8221;ile g\u00f6r\u00fcl\u00fcyor. Resim, 60&#8217;l\u0131 y\u0131llar\u0131n ikinci yar\u0131s\u0131nda \u00e7ekilmi\u015f olabilir. A\u015fa\u011f\u0131daki resimde ise yachtWORKS sahiplerinden bay Can S\u00fcrekli g\u00f6r\u00fcl\u00fcyor.1 Numaral\u0131 dinginin deneme seyri Bodrum Liman\u0131nda yap\u0131l\u0131rken. Bayan De Negri&#8217;nin resmini Paolo Rastrelli&#8217;nin &#8220;La leggenda del&hellip;<\/p>\n","protected":false},"author":1,"featured_media":0,"parent":0,"menu_order":0,"comment_status":"open","ping_status":"open","template":"","meta":{"footnotes":""},"class_list":["post-7155","page","type-page","status-publish","hentry"],"_links":{"self":[{"href":"https:\/\/yachtworks.info\/tr\/wp-json\/wp\/v2\/pages\/7155"}],"collection":[{"href":"https:\/\/yachtworks.info\/tr\/wp-json\/wp\/v2\/pages"}],"about":[{"href":"https:\/\/yachtworks.info\/tr\/wp-json\/wp\/v2\/types\/page"}],"author":[{"embeddable":true,"href":"https:\/\/yachtworks.info\/tr\/wp-json\/wp\/v2\/users\/1"}],"replies":[{"embeddable":true,"href":"https:\/\/yachtworks.info\/tr\/wp-json\/wp\/v2\/comments?post=7155"}],"version-history":[{"count":0,"href":"https:\/\/yachtworks.info\/tr\/wp-json\/wp\/v2\/pages\/7155\/revisions"}],"wp:attachment":[{"href":"https:\/\/yachtworks.info\/tr\/wp-json\/wp\/v2\/media?parent=7155"}],"curies":[{"name":"wp","href":"https:\/\/api.w.org\/{rel}","templated":true}]}}