{"id":7159,"date":"2013-12-03T17:32:04","date_gmt":"2013-12-03T15:32:04","guid":{"rendered":"http:\/\/yachtworks.info\/?page_id=7159"},"modified":"2013-12-03T17:32:04","modified_gmt":"2013-12-03T15:32:04","slug":"wharram-tiki-21-kalamar-2","status":"publish","type":"page","link":"https:\/\/yachtworks.info\/tr\/wharram-tiki-21-kalamar-2\/","title":{"rendered":"Wharram Tiki 21: Kalamar 2"},"content":{"rendered":"<p><img loading=\"lazy\" decoding=\"async\" class=\"aligncenter size-full wp-image-7161\" src=\"http:\/\/yachtworks.info\/wp-content\/uploads\/2013\/12\/0089-Sails-set-on-Hard.jpg\" alt=\"0089 Sails set on Hard\" width=\"300\" height=\"240\" \/><\/p>\n<table border=\"0\" width=\"100%\" cellspacing=\"0\" cellpadding=\"0\">\n<tbody>\n<tr>\n<td width=\"50%\">\n<table border=\"0\" width=\"100%\" cellspacing=\"1\" cellpadding=\"1\">\n<tbody>\n<tr bgcolor=\"#990000\">\n<td colspan=\"2\" bgcolor=\"#FFFFFF\">\n<div align=\"center\">\n<h2><strong><em>Tiki 21; \u00d6zellikler<\/em><\/strong><\/h2>\n<\/div>\n<\/td>\n<\/tr>\n<tr bgcolor=\"#cccccc\">\n<td width=\"54%\"><strong>Tam Boy<\/strong><\/td>\n<td width=\"46%\"><strong>6.40m<\/strong><\/td>\n<\/tr>\n<tr bgcolor=\"#ffffcc\">\n<td bgcolor=\"#FFFFFF\" width=\"54%\"><strong>Su Hatt\u0131 Boyu<br \/>\n<\/strong><\/td>\n<td bgcolor=\"#FFFFFF\" width=\"46%\"><strong>5.64m<\/strong><\/td>\n<\/tr>\n<tr bgcolor=\"#cccccc\">\n<td width=\"54%\"><strong>Tam Geni\u015flik<\/strong><\/td>\n<td width=\"46%\"><strong>3.66m<\/strong><\/td>\n<\/tr>\n<tr bgcolor=\"#ffffcc\">\n<td bgcolor=\"#FFFFFF\" width=\"54%\"><strong>G\u00f6vdelerin Geni\u015fli\u011fi<\/strong><\/td>\n<td bgcolor=\"#FFFFFF\" width=\"46%\"><strong>0.94m<\/strong><\/td>\n<\/tr>\n<tr bgcolor=\"#cccccc\">\n<td width=\"54%\"><strong>\u00c7ekti\u011fi Su<\/strong><\/td>\n<td width=\"46%\"><strong>0.35m<\/strong><\/td>\n<\/tr>\n<tr bgcolor=\"#ffffcc\">\n<td bgcolor=\"#FFFFFF\" width=\"54%\"><strong>Toplam A\u011f\u0131rl\u0131k<\/strong><\/td>\n<td bgcolor=\"#FFFFFF\" width=\"46%\"><strong>273 kg<\/strong><\/td>\n<\/tr>\n<tr bgcolor=\"#cccccc\">\n<td width=\"54%\"><strong>G\u00f6vdelerin A\u011f\u0131rl\u0131\u011f\u0131<br \/>\n<\/strong><\/td>\n<td width=\"46%\"><strong>80 kg<\/strong><\/td>\n<\/tr>\n<tr bgcolor=\"#ffffcc\">\n<td bgcolor=\"#FFFFFF\" width=\"54%\"><strong>Ta\u015f\u0131ma Kapasitesi<\/strong><\/td>\n<td bgcolor=\"#FFFFFF\" width=\"46%\"><strong>460 kg<\/strong><\/td>\n<\/tr>\n<tr bgcolor=\"#cccccc\">\n<td width=\"54%\"><strong>Yelken Alan\u0131<\/strong><\/td>\n<td width=\"46%\"><strong>16.05m^2<\/strong><\/td>\n<\/tr>\n<\/tbody>\n<\/table>\n<\/td>\n<td bgcolor=\"#FFFFFF\" width=\"50%\"><\/td>\n<\/tr>\n<\/tbody>\n<\/table>\n<p><img loading=\"lazy\" decoding=\"async\" class=\"aligncenter size-full wp-image-7160\" src=\"http:\/\/yachtworks.info\/wp-content\/uploads\/2013\/12\/Tiki21-Side-and-Plan-View.jpg\" alt=\"Tiki21-Side-and-Plan-View\" width=\"245\" height=\"400\" \/><\/p>","protected":false},"excerpt":{"rendered":"<p>Tiki 21; \u00d6zellikler Tam Boy 6.40m Su Hatt\u0131 Boyu 5.64m Tam Geni\u015flik 3.66m G\u00f6vdelerin Geni\u015fli\u011fi 0.94m \u00c7ekti\u011fi Su 0.35m Toplam A\u011f\u0131rl\u0131k 273 kg G\u00f6vdelerin A\u011f\u0131rl\u0131\u011f\u0131 80 kg Ta\u015f\u0131ma Kapasitesi 460 kg Yelken Alan\u0131 16.05m^2<\/p>\n","protected":false},"author":1,"featured_media":0,"parent":0,"menu_order":0,"comment_status":"open","ping_status":"open","template":"","meta":{"footnotes":""},"class_list":["post-7159","page","type-page","status-publish","hentry"],"_links":{"self":[{"href":"https:\/\/yachtworks.info\/tr\/wp-json\/wp\/v2\/pages\/7159"}],"collection":[{"href":"https:\/\/yachtworks.info\/tr\/wp-json\/wp\/v2\/pages"}],"about":[{"href":"https:\/\/yachtworks.info\/tr\/wp-json\/wp\/v2\/types\/page"}],"author":[{"embeddable":true,"href":"https:\/\/yachtworks.info\/tr\/wp-json\/wp\/v2\/users\/1"}],"replies":[{"embeddable":true,"href":"https:\/\/yachtworks.info\/tr\/wp-json\/wp\/v2\/comments?post=7159"}],"version-history":[{"count":0,"href":"https:\/\/yachtworks.info\/tr\/wp-json\/wp\/v2\/pages\/7159\/revisions"}],"wp:attachment":[{"href":"https:\/\/yachtworks.info\/tr\/wp-json\/wp\/v2\/media?parent=7159"}],"curies":[{"name":"wp","href":"https:\/\/api.w.org\/{rel}","templated":true}]}}