{"id":8540,"date":"2014-03-22T12:03:20","date_gmt":"2014-03-22T10:03:20","guid":{"rendered":"http:\/\/yachtworks.info\/?page_id=8540"},"modified":"2014-03-22T12:03:20","modified_gmt":"2014-03-22T10:03:20","slug":"products-scala","status":"publish","type":"page","link":"https:\/\/yachtworks.info\/tr\/products-scala\/","title":{"rendered":"Products Scala"},"content":{"rendered":"<p>Ba\u015f Pervanesi<br \/>\n\u203a Quick Ba\u015f Pervanesi<br \/>\n\u203a Vetus Ba\u015f Pervanesi<br \/>\nBoya\/Bak\u0131m<br \/>\n\u203a Awlgrip Boya Sistemi<br \/>\n\u203a Bak\u0131m ve Onar\u0131m \u00dcr\u00fcnleri<br \/>\n\u203a Bantlar ve Maskeleme Sistemleri<br \/>\n\u203a Deniz Sabunu\/\u015eampuan\u0131<br \/>\n\u203a Epoksi\/Fiber Tamir Kiti<br \/>\n\u203a F\u0131r\u00e7a\/Rulo<br \/>\n\u203a \u0130\u015f G\u00fcvenli\u011fi<br \/>\n\u203a Kaymaz Boya<br \/>\n\u203a Kova<br \/>\n\u203a Nem Al\u0131c\u0131<br \/>\n\u203a Pastalar, Parlat\u0131c\u0131lar ve Cilalar<br \/>\n\u203a Su Katk\u0131s\u0131<br \/>\n\u203a Temizlik Gere\u00e7leri<br \/>\n\u203a Temizlik\/Bakim Kimyasallar\u0131<br \/>\n\u203a Vernik<br \/>\n\u203a Ya\u011f<br \/>\n\u203a Yap\u0131\u015ft\u0131r\u0131c\u0131lar ve S\u0131zd\u0131rmazl\u0131k Sa\u011flay\u0131c\u0131lar<br \/>\n\u203a Zehirli Boya<br \/>\n\u203a Z\u0131mparalar<br \/>\nDemirleme\/R\u0131ht\u0131m<br \/>\n\u203a Ba\u015f Makaras\u0131<br \/>\n\u203a \u00c7\u0131pa<br \/>\n\u203a Halat<br \/>\n\u203a Irgat<br \/>\n\u203a Irgat Ekipman\u0131<br \/>\n\u203a \u0130skele Halat\u0131 Esnetici<br \/>\n\u203a R\u0131ht\u0131m Ekipman\u0131<br \/>\n\u203a Tonoz \u015eamand\u0131ras\u0131<br \/>\n\u203a Zincir ve Ekipman\u0131<br \/>\nD\u00fcmen\/Kumanda<br \/>\n\u203a Direksiyon Ekipman\u0131<br \/>\n\u203a Direksiyon Simidi<br \/>\n\u203a Direksiyon Sistemi<br \/>\n\u203a Elektronik Motor Kumanda Sistemi<br \/>\n\u203a Havuz K\u00f6r\u00fc\u011f\u00fc<br \/>\n\u203a Hidrolik D\u00fcmen Sistemi<br \/>\n\u203a Kumanda Kolu<br \/>\n\u203a Kumanda Teli<br \/>\nElektrik<br \/>\n\u203a Ak\u00fc ve Ak\u00fc Aksesuarlar\u0131<br \/>\n\u203a \u00c7akmak ve Aksesuarlar\u0131<br \/>\n\u203a D\u0131\u015f Ayd\u0131nlatma<br \/>\n\u203a Elektrikli Cihazlar<br \/>\n\u203a Fener<br \/>\n\u203a Fi\u015f ve Priz<br \/>\n\u203a \u0130\u00e7 Ayd\u0131nlatma<br \/>\n\u203a Kablo ve Ekipmanlar\u0131<br \/>\n\u203a Klima<br \/>\n\u203a Kontak Anahtar\u0131<br \/>\n\u203a Korna<br \/>\n\u203a \u00d6l\u00e7\u00fcm\/Da\u011f\u0131t\u0131m Ekipmanlar\u0131<br \/>\n\u203a Sahil Besleme Ekipman\u0131<br \/>\n\u203a Seyir Feneri<br \/>\n\u203a Sigorta, Switch Ve Aksesuarlar\u0131<br \/>\n\u203a Silecek<br \/>\n\u203a \u015earj Ekipman\u0131\/Invertor<br \/>\nElektronik<br \/>\n\u203a Anten<br \/>\n\u203a Bal\u0131k Bulucu<br \/>\n\u203a Derinlik G\u00f6stergesi<br \/>\n\u203a Dynaplate<br \/>\n\u203a G\u00f6sterge<br \/>\n\u203a GPS<br \/>\n\u203a Hoparl\u00f6r<br \/>\n\u203a Marin Telsiz<br \/>\n\u203a Navionics Harita Kartu\u015fu<br \/>\n\u203a Oto Pilot<br \/>\n\u203a PMR Telsiz<br \/>\n\u203a Radyo \/ CD \u00c7alar<br \/>\n\u203a Vhf Aksesuarlar\u0131<br \/>\nGiyim<br \/>\n\u203a Ayakkab\u0131<br \/>\n\u203a \u00c7anta<br \/>\n\u203a \u00c7izme<br \/>\n\u203a Eldiven<br \/>\n\u203a G\u00f6mlek<br \/>\n\u203a G\u00fcne\u015f G\u00f6zl\u00fc\u011f\u00fc<br \/>\n\u203a Kazak<br \/>\n\u203a Kravat<br \/>\n\u203a Mont<br \/>\n\u203a Pantolon\/\u015eort<br \/>\n\u203a Sweat Shirt<br \/>\n\u203a \u015eapka<br \/>\n\u203a Ti\u015f\u00f6rt<br \/>\n\u203a Trapez Ceketi<br \/>\n\u203a Triko<br \/>\n\u203a Yelken Elbisesi<br \/>\n\u203a Aksesuar<br \/>\nG\u00fcvenlik<br \/>\n\u203a Acil Durum Ekipmanlar\u0131<br \/>\n\u203a Can Sal\u0131<br \/>\n\u203a Can Simidi<br \/>\n\u203a Can Yele\u011fi<br \/>\n\u203a Gaz Alarm\u0131<br \/>\n\u203a \u0130lk Yard\u0131m \u00c7antas\u0131<br \/>\n\u203a Radar Reflekt\u00f6r\u00fc<br \/>\n\u203a Yang\u0131n S\u00f6nd\u00fcr\u00fcc\u00fc Ve Yuvas\u0131<br \/>\nG\u00fcverte<br \/>\n\u203a Ayna<br \/>\n\u203a Bardakl\u0131k<br \/>\n\u203a Bayrak ve Bayrak Dire\u011fi<br \/>\n\u203a \u00c7\u0131kartma<br \/>\n\u203a Dolum A\u011fz\u0131<br \/>\n\u203a D\u00f6\u015femelik<br \/>\n\u203a Halat<br \/>\n\u203a Kak\u0131\u00e7<br \/>\n\u203a Kam\u0131\u015f Yuvas\u0131<br \/>\n\u203a Kampana<br \/>\n\u203a Kanca<br \/>\n\u203a Kaymaz Malzeme<br \/>\n\u203a Kilit<br \/>\n\u203a Klips<br \/>\n\u203a Ko\u00e7 Boynuzu ve Kurta\u011fz\u0131<br \/>\n\u203a Kulp ve Tutamak<br \/>\n\u203a K\u00fcpe\u015fte Fitili<br \/>\n\u203a K\u00fcrek\/Iskarmoz<br \/>\n\u203a Lift ve Amortis\u00f6r<br \/>\n\u203a Masa ve Sandalye<br \/>\n\u203a Matafora<br \/>\n\u203a Mente\u015fe<br \/>\n\u203a Merdiven<br \/>\n\u203a Pasarella<br \/>\n\u203a Paslanmaz Malzeme<br \/>\n\u203a Per\u00e7in, Vida Kapa\u011f\u0131<br \/>\n\u203a Plastik Kapak \/ Dolap \/ Yuva<br \/>\n\u203a Renkli Fleto Bant\u0131<br \/>\n\u203a R\u00fczgar Y\u00f6n G\u00f6stergesi<br \/>\n\u203a \u015eemsiye<br \/>\n\u203a T-Top<br \/>\n\u203a Tahliye Borusu, Firar, Mi\u00e7oz<br \/>\n\u203a Tente Malzemesi<br \/>\n\u203a Usturma\u00e7a ve Ekipman\u0131<br \/>\n\u203a Vardavela Par\u00e7as\u0131<br \/>\n\u203a Vida ve C\u0131vata<br \/>\n\u203a Aksesuar<br \/>\nHavaland\u0131rma<br \/>\n\u203a Blower<br \/>\n\u203a Hatch<br \/>\n\u203a Havaland\u0131rma<br \/>\n\u203a Lomboz<br \/>\n\u203a Manika<br \/>\n\u203a Solar Havaland\u0131rma<br \/>\n\u203a Vantilat\u00f6r<br \/>\nJenerat\u00f6r<br \/>\n\u203a Vetus Jenerat\u00f6r<br \/>\n\u203a Whisper Power Jenerat\u00f6r<br \/>\nKabin<br \/>\n\u203a Buz Makinas\u0131<br \/>\n\u203a Buzdolab\u0131<br \/>\n\u203a Derin Dondurucu<br \/>\n\u203a F\u0131r\u0131n<br \/>\n\u203a Is\u0131t\u0131c\u0131<br \/>\n\u203a Kesme\/Servis Tablas\u0131<br \/>\n\u203a Kilit<br \/>\n\u203a Koltuk ve Aksesuar\u0131<br \/>\n\u203a K\u00fc\u00e7\u00fck Mutfak Aleti<br \/>\n\u203a K\u00fcll\u00fck<br \/>\n\u203a Lavabo<br \/>\n\u203a Mangal &#038; Aksesuar\u0131<br \/>\n\u203a Ocak<br \/>\n\u203a Paspas<br \/>\n\u203a Servis Gere\u00e7leri<br \/>\n\u203a Stoper<br \/>\n\u203a Tekstil<br \/>\nMotor Aksam\u0131<br \/>\n\u203a Air Vent<br \/>\n\u203a Buji<br \/>\n\u203a Deniz Suyu Filtresi<br \/>\n\u203a D\u0131\u015ftan Takma Motor Arabas\u0131<br \/>\n\u203a Egzoz Sistemi<br \/>\n\u203a Filtreli Su Giri\u015fi<br \/>\n\u203a G\u00f6sterge<br \/>\n\u203a Hortum<br \/>\n\u203a Kaplin<br \/>\n\u203a Motor Boyas\u0131<br \/>\n\u203a Motor Braketi<br \/>\n\u203a Motor \u00c7al\u0131\u015ft\u0131rma \u0130pi<br \/>\n\u203a Motor Kol Uzatma Aparat\u0131<br \/>\n\u203a Motor Takozu<br \/>\n\u203a Motor Ya\u011f\u0131<br \/>\n\u203a Pervane<br \/>\n\u203a Ses \u0130zolasyon Mlz.<br \/>\n\u203a \u015eaft Sistemi<br \/>\n\u203a \u015eaft Yataklar\u0131<br \/>\n\u203a Trim Tab<br \/>\n\u203a Tutya<br \/>\n\u203a Ya\u011f<br \/>\n\u203a Ya\u011f Bo\u015faltma Pompas\u0131<br \/>\nNavigasyon<br \/>\n\u203a D\u00fcrb\u00fcn<br \/>\n\u203a Navigasyon Ekipman\u0131<br \/>\n\u203a Pusula<br \/>\nPis Su<br \/>\n\u203a Du\u015f Bo\u015faltma Sistemi<br \/>\n\u203a G\u00f6sterge<br \/>\n\u203a G\u00fcverte \u00c7\u0131k\u0131\u015f A\u011fz\u0131<br \/>\n\u203a Hortum<br \/>\n\u203a Koku Filtresi<br \/>\n\u203a Pompa<br \/>\n\u203a \u015eamand\u0131ra<br \/>\n\u203a Tank, Esnek<br \/>\n\u203a Tank, Plastik<br \/>\n\u203a Tuvalet<br \/>\n\u203a Vana<br \/>\nSintine<br \/>\n\u203a Elektrikli Sintine Pompas\u0131<br \/>\n\u203a Hortum<br \/>\n\u203a Manuel Sintine Pompas\u0131<br \/>\n\u203a Sintine Flat\u00f6r\u00fc<br \/>\n\u203a Sintine Pompas\u0131 Anahtar\u0131<br \/>\nSu Yap\u0131c\u0131<br \/>\n\u015ei\u015fme Bot<br \/>\n\u203a X-Cape<br \/>\n\u203a Neta<br \/>\n\u203a \u015ei\u015fme Bot Ekipmanlar\u0131<br \/>\nTatl\u0131 Su<br \/>\n\u203a Boiler<br \/>\n\u203a Du\u015f Ve Du\u015f Yuvas\u0131<br \/>\n\u203a Fitting Malzemeleri<br \/>\n\u203a G\u00f6sterge<br \/>\n\u203a Hidrofor<br \/>\n\u203a Hortum Ve Hortum Ba\u011flant\u0131lar\u0131<br \/>\n\u203a Kelep\u00e7e<br \/>\n\u203a Musluk<br \/>\n\u203a Pompa<br \/>\n\u203a Solar Du\u015f<br \/>\n\u203a Su Tanklar\u0131, Esnek<br \/>\n\u203a Su Tanklar\u0131, Plastik<br \/>\n\u203a \u015eamand\u0131ra<br \/>\n\u203a Vana<br \/>\nYak\u0131t Sistemi<br \/>\n\u203a Benzin Konnekt\u00f6r\u00fc<br \/>\n\u203a Filtre<br \/>\n\u203a G\u00f6sterge<br \/>\n\u203a Hortum<br \/>\n\u203a Huni<br \/>\n\u203a Koku Filtresi<br \/>\n\u203a \u015eamand\u0131ra<br \/>\n\u203a Tank Havaland\u0131rma<br \/>\n\u203a Tanklar, Esnek<br \/>\n\u203a Tanklar, Plastik<br \/>\n\u203a Tanklar, Portatif<br \/>\n\u203a Ta\u015f\u0131ma Bidonu<br \/>\n\u203a Topraklama<br \/>\n\u203a Vana<br \/>\nYelken<br \/>\n\u203a Ba\u011flant\u0131 Ve Montaj Elemanlar\u0131<br \/>\n\u203a Cem Kilit<br \/>\n\u203a D\u00fcmen Donan\u0131mlar\u0131<br \/>\n\u203a Flok Arabalar\u0131<br \/>\n\u203a G\u00fcverte Aksesuarlar\u0131<br \/>\n\u203a Halat<br \/>\n\u203a Liftin ve K\u0131l\u0131f\u0131<br \/>\n\u203a Makara<br \/>\n\u203a Optimist<br \/>\n\u203a Stoper ve Kilit<\/p>","protected":false},"excerpt":{"rendered":"<p>Ba\u015f Pervanesi \u203a Quick Ba\u015f Pervanesi \u203a Vetus Ba\u015f Pervanesi Boya\/Bak\u0131m \u203a Awlgrip Boya Sistemi \u203a Bak\u0131m ve Onar\u0131m \u00dcr\u00fcnleri \u203a Bantlar ve Maskeleme Sistemleri \u203a Deniz Sabunu\/\u015eampuan\u0131 \u203a Epoksi\/Fiber Tamir Kiti \u203a F\u0131r\u00e7a\/Rulo \u203a \u0130\u015f G\u00fcvenli\u011fi \u203a Kaymaz Boya&hellip;<\/p>\n","protected":false},"author":1,"featured_media":0,"parent":0,"menu_order":0,"comment_status":"open","ping_status":"open","template":"","meta":{"footnotes":""},"class_list":["post-8540","page","type-page","status-publish","hentry"],"_links":{"self":[{"href":"https:\/\/yachtworks.info\/tr\/wp-json\/wp\/v2\/pages\/8540"}],"collection":[{"href":"https:\/\/yachtworks.info\/tr\/wp-json\/wp\/v2\/pages"}],"about":[{"href":"https:\/\/yachtworks.info\/tr\/wp-json\/wp\/v2\/types\/page"}],"author":[{"embeddable":true,"href":"https:\/\/yachtworks.info\/tr\/wp-json\/wp\/v2\/users\/1"}],"replies":[{"embeddable":true,"href":"https:\/\/yachtworks.info\/tr\/wp-json\/wp\/v2\/comments?post=8540"}],"version-history":[{"count":0,"href":"https:\/\/yachtworks.info\/tr\/wp-json\/wp\/v2\/pages\/8540\/revisions"}],"wp:attachment":[{"href":"https:\/\/yachtworks.info\/tr\/wp-json\/wp\/v2\/media?parent=8540"}],"curies":[{"name":"wp","href":"https:\/\/api.w.org\/{rel}","templated":true}]}}