{"id":8697,"date":"2014-04-28T10:56:19","date_gmt":"2014-04-28T07:56:19","guid":{"rendered":"http:\/\/yachtworks.info\/?page_id=8697"},"modified":"2025-01-06T13:28:52","modified_gmt":"2025-01-06T10:28:52","slug":"caravel-shaft-brearings","status":"publish","type":"page","link":"https:\/\/yachtworks.info\/tr\/caravel-shaft-brearings\/","title":{"rendered":"Caravel \u015eaft Yata\u011f\u0131"},"content":{"rendered":"<div class=\"wpb-content-wrapper\"><p>[vc_row][vc_column][vc_column_text]<a rel=\"attachment wp-att-15766\"><img loading=\"lazy\" decoding=\"async\" class=\"aligncenter size-full wp-image-15766\" src=\"http:\/\/yachtworks.info\/wp-content\/uploads\/2016\/04\/aa.jpg\" alt=\"aa\" width=\"598\" height=\"154\" \/><\/a>[\/vc_column_text][vc_column_text]<\/p>\n<h3>Kolay Montaj ve De\u011fi\u015fim<\/h3>\n<p>Karavel suyla ya\u011flanan yataklar, i\u00e7 ve d\u0131\u015f toleranslar konusunda kat\u0131 kriterlere uygundur: gerekti\u011finde, h\u0131zl\u0131 montaj ve de\u011fi\u015ftirme i\u00e7in d\u0131\u015f y\u00fczeyleri ta\u015flanabilir.<\/p>\n<h3>G\u00fcr\u00fclt\u00fc ve Titre\u015fim Azaltma<\/h3>\n<p>Suyla ya\u011flanan yataklar, titre\u015fim ve g\u00fcr\u00fclt\u00fcy\u00fc s\u0131n\u0131rlamak ve kontrol etmek i\u00e7in ideal bir \u00e7\u00f6z\u00fcmd\u00fcr. Bu \u00f6zellik, \u00f6zellikle pervane milleri ve d\u00f6nen cisimlerin tam dengede olmad\u0131\u011f\u0131 veya a\u015f\u0131r\u0131 hassasiyetin gerekli oldu\u011fu end\u00fcstriyel uygulamalarda b\u00fcy\u00fck \u00f6nem ta\u015f\u0131r.<br \/>\nMili ekseni etraf\u0131ndaki d\u00f6n\u00fc\u015f, geometrik merkeziyle \u00f6rt\u00fc\u015fmedi\u011finde, kau\u00e7u\u011fun y\u00fcksek elastikiyeti titre\u015fimleri olduk\u00e7a etkili bir \u015fekilde emer. Laboratuvar testleri, titre\u015fimlerin d\u0131\u015f kabu\u011fa bile ula\u015fmad\u0131\u011f\u0131n\u0131 kan\u0131tlam\u0131\u015ft\u0131r. NBR kau\u00e7u\u011fu, hasarlar\u0131 ve mil a\u015f\u0131nmas\u0131n\u0131 \u00f6nlemek i\u00e7in m\u00fckemmel bir malzemedir.<\/p>\n<h3>\u201cS\u00fcrme\u201d \u00c7\u00f6z\u00fcm\u00fc<\/h3>\n<p>Yenilik\u00e7i \u201cS\u00fcrme\u201d sistemi, b\u00fcy\u00fck yataklar\u0131n (80 ila 600 mm mil \u00e7ap\u0131 i\u00e7in) ekstra zaman ve maliyet gerektirmeden, kau\u00e7u\u011fun vulkanize edilip istenen \u015fekli almas\u0131 i\u00e7in i\u00e7 kal\u0131plar\u0131n haz\u0131rlanmas\u0131na gerek duymadan \u00fcretilmesini sa\u011flam\u0131\u015ft\u0131r.<br \/>\nBu sistemin sa\u011flad\u0131\u011f\u0131 avantajlar \u015funlard\u0131r:<\/p>\n<ol>\n<li>Daha y\u00fcksek i\u00e7 \u00e7ap hassasiyeti, daha kolay yap\u0131labilen yuvarlak i\u00e7 kal\u0131plar sayesinde elde edilir. \u00c7\u0131k\u0131nt\u0131s\u0131z yuvarlak kal\u0131p, kolayca i\u015flenebilir, torna tezgah\u0131nda d\u00f6nd\u00fcr\u00fclebilir ve ta\u015flanabilir.<\/li>\n<li>\u0130yi bilinen ve test edilmi\u015f su ak\u0131\u015flar\u0131na uygun olarak tasarlanm\u0131\u015f uzunlamas\u0131na oluklar, yataklar\u0131n g\u00fcvenilirli\u011fini ve dayan\u0131kl\u0131l\u0131\u011f\u0131n\u0131 art\u0131r\u0131r; \u00f6zellikle a\u011f\u0131r \u015faftlar\u0131n yatay \u00e7al\u0131\u015fmas\u0131 gerekti\u011finde.<\/li>\n<li>Bu \u00fcretim y\u00f6ntemi sayesinde teslim s\u00fcreleri genellikle 4 ila 20 g\u00fcn aras\u0131nda de\u011fi\u015fir. B\u00fcy\u00fck yataklar genellikle 30 g\u00fcnde temin edilebilir.<br \/>\n\u201cS\u00fcrme\u201d sistemi, m\u00fc\u015fterilerimizin k\u0131sa s\u00fcrede b\u00fcy\u00fck yataklara ihtiya\u00e7 duydu\u011fu durumlar i\u00e7in geli\u015ftirilmi\u015f etkili bir tekniktir.<\/li>\n<\/ol>\n<h3>Spiral Oluklu Yataklar<\/h3>\n<p>E\u011frisel kanallara sahip Karavel yataklar\u0131, en zorlu ko\u015fullarda test edilmi\u015ftir. Dikey test tezgahlar\u0131nda, kirli ve kumlu sularda, ciddi dinamik dengeleme y\u00fckleri alt\u0131nda performans g\u00f6stermi\u015ftir.<br \/>\nMilin d\u00f6n\u00fc\u015f\u00fc, oluklar taraf\u0131ndan desteklenen g\u00fc\u00e7l\u00fc bir pompalama hareketi olu\u015fturur; bu da s\u0131v\u0131 h\u0131z\u0131n\u0131 art\u0131r\u0131r, ola\u011fan\u00fcst\u00fc bir so\u011futma, ya\u011flama ve temizleme etkisi sa\u011flar. Bu yataklar sayesinde mil, t\u00fcm uzunlu\u011fu ve \u00e7evresi boyunca desteklenir ve \u00e7okgen bir yatakta d\u00f6nmez.<br \/>\nTitre\u015fimler \u00f6nemsiz seviyelere d\u00fc\u015fer; bu avantaj, \u00f6zellikle b\u00fcy\u00fck l\u00fcks yatlar\u0131n pervane millerinde kullan\u0131lan yataklar i\u00e7in olduk\u00e7a \u00f6nemlidir. Bu tip yataklar, a\u015f\u0131r\u0131 kumlu alanlarda \u00e7al\u0131\u015fmak \u00fczere tasarlanm\u0131\u015f motorlarda veya h\u0131zl\u0131 onar\u0131m ve bak\u0131m f\u0131rsatlar\u0131n\u0131n s\u0131n\u0131rl\u0131 oldu\u011fu durumlarda g\u00fcvenilirli\u011fiyle \u00f6ne \u00e7\u0131kar. E\u011frisel kanallar\u0131n yar\u0131\u00e7ap\u0131, mil \u00e7ap\u0131na ve d\u00f6n\u00fc\u015f y\u00f6n\u00fcne (sa\u011f veya sol) ba\u011fl\u0131 olarak de\u011fi\u015febilir.[\/vc_column_text][\/vc_column][\/vc_row]<\/p>\n<\/div>","protected":false},"excerpt":{"rendered":"<p>[vc_row][vc_column][vc_column_text][\/vc_column_text][vc_column_text] Kolay Montaj ve De\u011fi\u015fim Karavel suyla ya\u011flanan yataklar, i\u00e7 ve d\u0131\u015f toleranslar konusunda kat\u0131 kriterlere uygundur: gerekti\u011finde, h\u0131zl\u0131 montaj ve de\u011fi\u015ftirme i\u00e7in d\u0131\u015f y\u00fczeyleri ta\u015flanabilir. G\u00fcr\u00fclt\u00fc ve Titre\u015fim Azaltma Suyla ya\u011flanan yataklar, titre\u015fim ve g\u00fcr\u00fclt\u00fcy\u00fc s\u0131n\u0131rlamak ve kontrol etmek&hellip;<\/p>\n","protected":false},"author":1,"featured_media":0,"parent":0,"menu_order":0,"comment_status":"closed","ping_status":"closed","template":"","meta":{"footnotes":""},"class_list":["post-8697","page","type-page","status-publish","hentry"],"_links":{"self":[{"href":"https:\/\/yachtworks.info\/tr\/wp-json\/wp\/v2\/pages\/8697"}],"collection":[{"href":"https:\/\/yachtworks.info\/tr\/wp-json\/wp\/v2\/pages"}],"about":[{"href":"https:\/\/yachtworks.info\/tr\/wp-json\/wp\/v2\/types\/page"}],"author":[{"embeddable":true,"href":"https:\/\/yachtworks.info\/tr\/wp-json\/wp\/v2\/users\/1"}],"replies":[{"embeddable":true,"href":"https:\/\/yachtworks.info\/tr\/wp-json\/wp\/v2\/comments?post=8697"}],"version-history":[{"count":2,"href":"https:\/\/yachtworks.info\/tr\/wp-json\/wp\/v2\/pages\/8697\/revisions"}],"predecessor-version":[{"id":20698,"href":"https:\/\/yachtworks.info\/tr\/wp-json\/wp\/v2\/pages\/8697\/revisions\/20698"}],"wp:attachment":[{"href":"https:\/\/yachtworks.info\/tr\/wp-json\/wp\/v2\/media?parent=8697"}],"curies":[{"name":"wp","href":"https:\/\/api.w.org\/{rel}","templated":true}]}}